{"id":338,"date":"2022-01-03T16:34:43","date_gmt":"2022-01-03T16:34:43","guid":{"rendered":"https:\/\/jamonestioemilio.com\/politique-en-matiere-de-cookies\/"},"modified":"2025-07-31T18:03:17","modified_gmt":"2025-07-31T16:03:17","slug":"politique-en-matiere-de-cookies","status":"publish","type":"page","link":"https:\/\/jamonestioemilio.com\/fr\/politique-en-matiere-de-cookies\/","title":{"rendered":"Politique en mati\u00e8re de cookies"},"content":{"rendered":"\n<div style=\"height:100px\" aria-hidden=\"true\" class=\"wp-block-spacer\"><\/div>\n\n<h2 class=\"wp-block-heading\">Politique en mati\u00e8re de cookies<\/h2>\n\n<p>Que sont les cookies?<\/p>\n\n<p>Un cookie est un fichier qui est t\u00e9l\u00e9charg\u00e9 sur votre ordinateur lorsque vous acc\u00e9dez \u00e0 certaines pages web. Les cookies permettent \u00e0 une page web, entre autres, de stocker et de r\u00e9cup\u00e9rer des informations sur les habitudes de navigation d\u2019un utilisateur ou sur son \u00e9quipement et, en fonction des informations qu\u2019ils contiennent et de la mani\u00e8re dont son \u00e9quipement est utilis\u00e9, ils peuvent \u00eatre utilis\u00e9s pour reconna\u00eetre l\u2019utilisateur.<\/p>\n\n<p>Pourquoi cette page web utilise des cookies et quels sont-ils?<\/p>\n\n<p>Cette page web utilise des cookies pour un certain nombre de raisons, notamment:<\/p>\n\n<ul class=\"wp-block-list\">\n<li>L\u2019Analyse : il s\u2019agit de cookies qui sont trait\u00e9s par nous-m\u00eames ou par des tiers et qui nous permettent de quantifier le nombre d\u2019utilisateurs et d\u2019effectuer ainsi la mesure et l\u2019analyse statistique de l\u2019utilisation faite par les utilisateurs du service. \u00c0 cette fin, votre navigation sur notre page web est analys\u00e9e afin d\u2019am\u00e9liorer l\u2019exp\u00e9rience utilisateur.<\/li>\n<\/ul>\n\n<p>Les d\u00e9tails des cookies utilis\u00e9s sur cette page web sont les suivants:<\/p>\n\n<p><strong>Cookie: pll_language<\/strong><\/p>\n\n<p><strong>Finalit\u00e9:<\/strong> Ce cookie est n\u00e9cessaire pour enregistrer votre d\u00e9cision concernant l\u2019utilisation des cookies sur cette page. Sa dur\u00e9e est d\u2019un an.<\/p>\n\n<p><strong>Cookie: Cdp.cookies.plugin.wp <\/strong><\/p>\n\n<p><em>Ce cookie sp\u00e9cifie les param\u00e8tres de langue de l\u2019utilisateur. <\/em>Ce nom de cookie est associ\u00e9 au plugin Polylang pour les sites web WordPress. Il enregistre une pr\u00e9f\u00e9rence linguistique pour le visiteur afin de prendre en charge les sites web multilingues. Lorsqu\u2019il est d\u00e9fini comme un cookie persistant ou avec une dur\u00e9e de vie pr\u00e9d\u00e9termin\u00e9e d\u2019un an, il doit \u00eatre consid\u00e9r\u00e9 comme fonctionnel plut\u00f4t que strictement n\u00e9cessaire.<\/p>\n\n<p>Remarque : Les \u00ab propres \u00bb cookies sont utilis\u00e9s uniquement par le propri\u00e9taire de ce site web et les cookies \u00ab tiers \u00bb sont utilis\u00e9s par le fournisseur de services indiqu\u00e9.<\/p>\n\n<p>Comment puis-je d\u00e9sactiver ou supprimer ces cookies?<\/p>\n\n<p>Vous pouvez autoriser, bloquer ou supprimer les cookies install\u00e9s sur votre ordinateur en configurant les options du navigateur install\u00e9 sur votre ordinateur:<\/p>\n\n<p>Firefox<\/p>\n\n<p>http:\/\/support.mozilla.org\/es\/kb\/habilitar-y-deshabilitar-cookies-que-los-sitios-we<\/p>\n\n<p>Chrome<\/p>\n\n<p>http:\/\/support.google.com\/chrome\/bin\/answer.py?hl=es&#038;answer=95647<\/p>\n\n<p>Explorer<\/p>\n\n<p>http:\/\/windows.microsoft.com\/es-es\/windows7\/how-to-manage-cookies-in-internet-explorer-9<\/p>\n\n<p>Safari<\/p>\n\n<p>http:\/\/support.apple.com\/kb\/ph5042<\/p>\n\n<p>Opera<\/p>\n\n<p>http:\/\/help.opera.com\/Windows\/11.50\/es-ES\/cookies.html<\/p>\n\n<p>Autres navigateurs<\/p>\n\n<p>Consultez la documentation du navigateur que vous avez install\u00e9.<\/p>\n\n<p>Module compl\u00e9mentaire de navigateur pour la d\u00e9sactivation de Google Analytics<\/p>\n\n<p>Si vous souhaitez refuser les cookies d\u2019analyse de Google Analytics sur tous les navigateurs, afin que les informations ne soient pas envoy\u00e9es \u00e0 Google Analytics, vous pouvez t\u00e9l\u00e9charger un module compl\u00e9mentaire qui remplit cette fonction en cliquant sur ce lien : https:\/\/tools.google.com\/dlpage\/gaoptout.<\/p>\n\n<div style=\"height:100px\" aria-hidden=\"true\" class=\"wp-block-spacer\"><\/div>\n","protected":false},"excerpt":{"rendered":"<p>Politique en mati\u00e8re de cookies Que sont les cookies? Un cookie est un fichier qui est t\u00e9l\u00e9charg\u00e9 sur votre ordinateur lorsque vous acc\u00e9dez \u00e0 certaines pages web. Les cookies permettent \u00e0 une page web, entre autres, de stocker et de r\u00e9cup\u00e9rer des informations sur les habitudes de navigation d\u2019un utilisateur ou sur son \u00e9quipement et, [&hellip;]<\/p>\n","protected":false},"author":2,"featured_media":0,"parent":0,"menu_order":0,"comment_status":"closed","ping_status":"closed","template":"","meta":{"_et_pb_use_builder":"off","_et_pb_old_content":"","_et_gb_content_width":"","footnotes":""},"class_list":["post-338","page","type-page","status-publish","hentry"],"yoast_head":"<!-- This site is optimized with the Yoast SEO plugin v27.2 - https:\/\/yoast.com\/product\/yoast-seo-wordpress\/ -->\n<title>Politique en mati\u00e8re de cookies - Jamones Tio Emilio<\/title>\n<meta name=\"robots\" content=\"noindex, nofollow\" \/>\n<meta property=\"og:locale\" content=\"fr_FR\" \/>\n<meta property=\"og:type\" content=\"article\" \/>\n<meta property=\"og:title\" content=\"Politique en mati\u00e8re de cookies - Jamones Tio Emilio\" \/>\n<meta property=\"og:description\" content=\"Politique en mati\u00e8re de cookies Que sont les cookies? Un cookie est un fichier qui est t\u00e9l\u00e9charg\u00e9 sur votre ordinateur lorsque vous acc\u00e9dez \u00e0 certaines pages web. Les cookies permettent \u00e0 une page web, entre autres, de stocker et de r\u00e9cup\u00e9rer des informations sur les habitudes de navigation d\u2019un utilisateur ou sur son \u00e9quipement et, [&hellip;]\" \/>\n<meta property=\"og:url\" content=\"https:\/\/jamonestioemilio.com\/fr\/politique-en-matiere-de-cookies\/\" \/>\n<meta property=\"og:site_name\" content=\"Jamones Tio Emilio\" \/>\n<meta property=\"article:modified_time\" content=\"2025-07-31T16:03:17+00:00\" \/>\n<meta name=\"twitter:card\" content=\"summary_large_image\" \/>\n<meta name=\"twitter:label1\" content=\"Est. reading time\" \/>\n\t<meta name=\"twitter:data1\" content=\"2 minutes\" \/>\n<script type=\"application\/ld+json\" class=\"yoast-schema-graph\">{\"@context\":\"https:\/\/schema.org\",\"@graph\":[{\"@type\":\"WebPage\",\"@id\":\"https:\/\/jamonestioemilio.com\/fr\/politique-en-matiere-de-cookies\/\",\"url\":\"https:\/\/jamonestioemilio.com\/fr\/politique-en-matiere-de-cookies\/\",\"name\":\"Politique en mati\u00e8re de cookies - Jamones Tio Emilio\",\"isPartOf\":{\"@id\":\"https:\/\/jamonestioemilio.com\/#website\"},\"datePublished\":\"2022-01-03T16:34:43+00:00\",\"dateModified\":\"2025-07-31T16:03:17+00:00\",\"breadcrumb\":{\"@id\":\"https:\/\/jamonestioemilio.com\/fr\/politique-en-matiere-de-cookies\/#breadcrumb\"},\"inLanguage\":\"fr-FR\",\"potentialAction\":[{\"@type\":\"ReadAction\",\"target\":[\"https:\/\/jamonestioemilio.com\/fr\/politique-en-matiere-de-cookies\/\"]}]},{\"@type\":\"BreadcrumbList\",\"@id\":\"https:\/\/jamonestioemilio.com\/fr\/politique-en-matiere-de-cookies\/#breadcrumb\",\"itemListElement\":[{\"@type\":\"ListItem\",\"position\":1,\"name\":\"Portada\",\"item\":\"https:\/\/jamonestioemilio.com\/fr\/accueil\/\"},{\"@type\":\"ListItem\",\"position\":2,\"name\":\"Politique en mati\u00e8re de cookies\"}]},{\"@type\":\"WebSite\",\"@id\":\"https:\/\/jamonestioemilio.com\/#website\",\"url\":\"https:\/\/jamonestioemilio.com\/\",\"name\":\"Jamones Tio Emilio\",\"description\":\"Jamones y Embutidos desde 1982\",\"potentialAction\":[{\"@type\":\"SearchAction\",\"target\":{\"@type\":\"EntryPoint\",\"urlTemplate\":\"https:\/\/jamonestioemilio.com\/?s={search_term_string}\"},\"query-input\":{\"@type\":\"PropertyValueSpecification\",\"valueRequired\":true,\"valueName\":\"search_term_string\"}}],\"inLanguage\":\"fr-FR\"}]}<\/script>\n<!-- \/ Yoast SEO plugin. -->","yoast_head_json":{"title":"Politique en mati\u00e8re de cookies - Jamones Tio Emilio","robots":{"index":"noindex","follow":"nofollow"},"og_locale":"fr_FR","og_type":"article","og_title":"Politique en mati\u00e8re de cookies - Jamones Tio Emilio","og_description":"Politique en mati\u00e8re de cookies Que sont les cookies? Un cookie est un fichier qui est t\u00e9l\u00e9charg\u00e9 sur votre ordinateur lorsque vous acc\u00e9dez \u00e0 certaines pages web. Les cookies permettent \u00e0 une page web, entre autres, de stocker et de r\u00e9cup\u00e9rer des informations sur les habitudes de navigation d\u2019un utilisateur ou sur son \u00e9quipement et, [&hellip;]","og_url":"https:\/\/jamonestioemilio.com\/fr\/politique-en-matiere-de-cookies\/","og_site_name":"Jamones Tio Emilio","article_modified_time":"2025-07-31T16:03:17+00:00","twitter_card":"summary_large_image","twitter_misc":{"Est. reading time":"2 minutes"},"schema":{"@context":"https:\/\/schema.org","@graph":[{"@type":"WebPage","@id":"https:\/\/jamonestioemilio.com\/fr\/politique-en-matiere-de-cookies\/","url":"https:\/\/jamonestioemilio.com\/fr\/politique-en-matiere-de-cookies\/","name":"Politique en mati\u00e8re de cookies - Jamones Tio Emilio","isPartOf":{"@id":"https:\/\/jamonestioemilio.com\/#website"},"datePublished":"2022-01-03T16:34:43+00:00","dateModified":"2025-07-31T16:03:17+00:00","breadcrumb":{"@id":"https:\/\/jamonestioemilio.com\/fr\/politique-en-matiere-de-cookies\/#breadcrumb"},"inLanguage":"fr-FR","potentialAction":[{"@type":"ReadAction","target":["https:\/\/jamonestioemilio.com\/fr\/politique-en-matiere-de-cookies\/"]}]},{"@type":"BreadcrumbList","@id":"https:\/\/jamonestioemilio.com\/fr\/politique-en-matiere-de-cookies\/#breadcrumb","itemListElement":[{"@type":"ListItem","position":1,"name":"Portada","item":"https:\/\/jamonestioemilio.com\/fr\/accueil\/"},{"@type":"ListItem","position":2,"name":"Politique en mati\u00e8re de cookies"}]},{"@type":"WebSite","@id":"https:\/\/jamonestioemilio.com\/#website","url":"https:\/\/jamonestioemilio.com\/","name":"Jamones Tio Emilio","description":"Jamones y Embutidos desde 1982","potentialAction":[{"@type":"SearchAction","target":{"@type":"EntryPoint","urlTemplate":"https:\/\/jamonestioemilio.com\/?s={search_term_string}"},"query-input":{"@type":"PropertyValueSpecification","valueRequired":true,"valueName":"search_term_string"}}],"inLanguage":"fr-FR"}]}},"_links":{"self":[{"href":"https:\/\/jamonestioemilio.com\/fr\/wp-json\/wp\/v2\/pages\/338","targetHints":{"allow":["GET"]}}],"collection":[{"href":"https:\/\/jamonestioemilio.com\/fr\/wp-json\/wp\/v2\/pages"}],"about":[{"href":"https:\/\/jamonestioemilio.com\/fr\/wp-json\/wp\/v2\/types\/page"}],"author":[{"embeddable":true,"href":"https:\/\/jamonestioemilio.com\/fr\/wp-json\/wp\/v2\/users\/2"}],"replies":[{"embeddable":true,"href":"https:\/\/jamonestioemilio.com\/fr\/wp-json\/wp\/v2\/comments?post=338"}],"version-history":[{"count":0,"href":"https:\/\/jamonestioemilio.com\/fr\/wp-json\/wp\/v2\/pages\/338\/revisions"}],"wp:attachment":[{"href":"https:\/\/jamonestioemilio.com\/fr\/wp-json\/wp\/v2\/media?parent=338"}],"curies":[{"name":"wp","href":"https:\/\/api.w.org\/{rel}","templated":true}]}}