{"id":334,"date":"2022-01-03T16:29:48","date_gmt":"2022-01-03T16:29:48","guid":{"rendered":"https:\/\/jamonestioemilio.com\/politique-de-confidentialite\/"},"modified":"2025-07-31T18:38:06","modified_gmt":"2025-07-31T16:38:06","slug":"politique-de-confidentialite","status":"publish","type":"page","link":"https:\/\/jamonestioemilio.com\/fr\/politique-de-confidentialite\/","title":{"rendered":"Politique de Confidentialit\u00e9"},"content":{"rendered":"<p>[et_pb_section fb_built=&#8221;1&#8243; admin_label=&#8221;section&#8221; _builder_version=&#8221;4.16&#8243; global_colors_info=&#8221;{}&#8221;][et_pb_row admin_label=&#8221;row&#8221; _builder_version=&#8221;4.16&#8243; background_size=&#8221;initial&#8221; background_position=&#8221;top_left&#8221; background_repeat=&#8221;repeat&#8221; global_colors_info=&#8221;{}&#8221;][et_pb_column type=&#8221;4_4&#8243; _builder_version=&#8221;4.16&#8243; custom_padding=&#8221;|||&#8221; global_colors_info=&#8221;{}&#8221; custom_padding__hover=&#8221;|||&#8221;][et_pb_heading _builder_version=&#8221;4.27.4&#8243; _module_preset=&#8221;default&#8221; title=&#8221;@ET-DC@eyJkeW5hbWljIjp0cnVlLCJjb250ZW50IjoicG9zdF90aXRsZSIsInNldHRpbmdzIjp7ImJlZm9yZSI6IiIsImFmdGVyIjoiIiwiZW5hYmxlX2h0bWwiOiJvZmYifX0=@&#8221; _dynamic_attributes=&#8221;title&#8221; hover_enabled=&#8221;0&#8243; sticky_enabled=&#8221;0&#8243; custom_margin=&#8221;100px||||false|false&#8221;][\/et_pb_heading][et_pb_text admin_label=&#8221;Text&#8221; _builder_version=&#8221;4.27.4&#8243; background_size=&#8221;initial&#8221; background_position=&#8221;top_left&#8221; background_repeat=&#8221;repeat&#8221; custom_margin=&#8221;||||false|false&#8221; hover_enabled=&#8221;0&#8243; global_colors_info=&#8221;{}&#8221; sticky_enabled=&#8221;0&#8243;]<\/p>\n<h3>1. Informations destin\u00e9es \u00e0 l&#8217;utilisateur<\/h3>\n<p><strong>Qui est responsable du traitement de vos donn\u00e9es personnelles ?<\/strong><\/p>\n<p>HIJOS DE CATALINA RODRIGUEZ CASTA\u00d1O SL est RESPONSABLE du traitement des donn\u00e9es personnelles de l&#8217;UTILISATEUR et l&#8217;informe que ces donn\u00e9es seront trait\u00e9es conform\u00e9ment aux dispositions du r\u00e8glement (UE) 2016\/679 du 27 avril (RGPD) et de la loi organique 3\/2018 du 5 d\u00e9cembre (LOPDGDD).<\/p>\n<p><strong>Pourquoi traitons-nous vos donn\u00e9es personnelles ?<\/strong><\/p>\n<p>Pour maintenir une relation commerciale avec l&#8217;utilisateur. Les op\u00e9rations pr\u00e9vues pour r\u00e9aliser le traitement sont les suivantes :<\/p>\n<ul>\n<li>Envoi de communications commerciales publicitaires par e-mail, fax, SMS, MMS, r\u00e9seaux sociaux ou tout autre moyen \u00e9lectronique ou physique, actuel ou futur, permettant de r\u00e9aliser des communications commerciales. Ces communications seront effectu\u00e9es par le RESPONSABLE et concerneront ses produits et services, ou ceux de ses collaborateurs ou fournisseurs avec lesquels il a conclu un accord de promotion. Dans ce cas, les tiers n&#8217;auront jamais acc\u00e8s aux donn\u00e9es personnelles.<\/li>\n<li>R\u00e9aliser des \u00e9tudes de march\u00e9 et des analyses statistiques.<\/li>\n<li>Traiter les commandes, les demandes, r\u00e9pondre aux questions ou \u00e0 tout type de requ\u00eate formul\u00e9e par l&#8217;UTILISATEUR via l&#8217;un des moyens de contact mis \u00e0 sa disposition sur le site web du RESPONSABLE.<\/li>\n<li>Envoyer la newsletter en ligne, sur les nouveaut\u00e9s, les offres et les promotions li\u00e9es \u00e0 notre activit\u00e9.<\/li>\n<\/ul>\n<p><strong>Pour quelle raison pouvons-nous traiter vos donn\u00e9es personnelles ?<\/strong><\/p>\n<p>Parce que le traitement est l\u00e9gitim\u00e9 par l&#8217;article 6 du RGPD comme suit :<\/p>\n<ul>\n<li>Avec le consentement de l&#8217;UTILISATEUR : envoi de communications commerciales et de la newsletter.<\/li>\n<li>Dans l&#8217;int\u00e9r\u00eat l\u00e9gitime du RESPONSABLE : r\u00e9aliser des \u00e9tudes de march\u00e9, des analyses statistiques, etc. et traiter les commandes, les demandes, etc. \u00e0 la demande de l&#8217;UTILISATEUR.<\/li>\n<\/ul>\n<p><strong>Combien de temps conserverons-nous vos donn\u00e9es personnelles ?<\/strong><\/p>\n<p>Ils seront conserv\u00e9s pendant une dur\u00e9e n&#8217;exc\u00e9dant pas celle n\u00e9cessaire \u00e0 la r\u00e9alisation du traitement ou pendant la dur\u00e9e pr\u00e9vue par les dispositions l\u00e9gales qui r\u00e9gissent leur conservation. Lorsqu&#8217;ils ne seront plus n\u00e9cessaires \u00e0 cette fin, ils seront supprim\u00e9s en appliquant les mesures de s\u00e9curit\u00e9 appropri\u00e9es afin de garantir l&#8217;anonymisation ou la destruction totale des donn\u00e9es.<\/p>\n<p><strong>\u00c0 qui transmettons-nous vos donn\u00e9es personnelles ?<\/strong><\/p>\n<p>Aucune communication de donn\u00e9es personnelles \u00e0 des tiers n&#8217;est pr\u00e9vue, sauf si cela s&#8217;av\u00e8re n\u00e9cessaire pour le d\u00e9veloppement et l&#8217;ex\u00e9cution des finalit\u00e9s du traitement, \u00e0 nos prestataires de services li\u00e9s aux communications, avec lesquels le RESPONSABLE a sign\u00e9 les contrats de confidentialit\u00e9 et de sous-traitance exig\u00e9s par la r\u00e9glementation en vigueur en mati\u00e8re de confidentialit\u00e9.<\/p>\n<p><strong>Quels sont vos droits ?<\/strong><\/p>\n<p>Les droits dont b\u00e9n\u00e9ficie l&#8217;UTILISATEUR sont les suivants :<\/p>\n<ul>\n<li>Droit de retirer son consentement \u00e0 tout moment.<\/li>\n<li>Droit d&#8217;acc\u00e8s, de rectification, de portabilit\u00e9 et de suppression de vos donn\u00e9es, et de limitation ou d&#8217;opposition \u00e0 leur traitement.<\/li>\n<li>Droit d&#8217;introduire une r\u00e9clamation aupr\u00e8s de l&#8217;autorit\u00e9 de contr\u00f4le (www.aepd.es) si vous estimez que le traitement n&#8217;est pas conforme \u00e0 la r\u00e9glementation en vigueur.<\/li>\n<\/ul>\n<p><strong>Coordonn\u00e9es pour exercer vos droits :<\/strong><\/p>\n<p>HIJOS DE CATALINA RODRIGUEZ CASTA\u00d1O SL. PARAJE LOS SEGUNDAS, 2, . \u2013 04898 HIJATE (Almer\u00eda). E-mail: <a href=\"mailto:rrhh@jamonestioemilio.com\">rrhh@jamonestioemilio.com<\/a>.<\/p>\n<h3>2. Caract\u00e8re obligatoire ou facultatif des informations fournies par l&#8217;utilisateur<\/h3>\n<p>En cochant les cases correspondantes et en saisissant des donn\u00e9es dans les champs marqu\u00e9s d&#8217;un ast\u00e9risque (*) dans le formulaire de contact ou pr\u00e9sent\u00e9s dans les formulaires de t\u00e9l\u00e9chargement, les UTILISATEURS acceptent express\u00e9ment, librement et sans \u00e9quivoque que leurs donn\u00e9es sont n\u00e9cessaires pour que le prestataire puisse r\u00e9pondre \u00e0 leur demande, l&#8217;inclusion de donn\u00e9es dans les autres champs \u00e9tant facultative. L&#8217;UTILISATEUR garantit que les donn\u00e9es personnelles fournies au RESPONSABLE sont v\u00e9ridiques et s&#8217;engage \u00e0 communiquer toute modification les concernant.<\/p>\n<p>Le RESPONSABLE informe que toutes les donn\u00e9es demand\u00e9es via le site web sont obligatoires, car elles sont n\u00e9cessaires pour fournir un service optimal \u00e0 l&#8217;UTILISATEUR. Si toutes les donn\u00e9es ne sont pas fournies, il n&#8217;est pas garanti que les informations et les services fournis soient parfaitement adapt\u00e9s \u00e0 vos besoins.<\/p>\n<h3>3. Mesures de s\u00e9curit\u00e9<\/h3>\n<p>Conform\u00e9ment aux dispositions des r\u00e9glementations en vigueur en mati\u00e8re de protection des donn\u00e9es personnelles, le RESPONSABLE respecte toutes les dispositions des r\u00e9glementations RGPD et LOPDGDD pour le traitement des donn\u00e9es personnelles dont il est responsable, et manifestement les principes d\u00e9crits \u00e0 l&#8217;article 5 du RGPD, selon lesquels elles sont trait\u00e9es de mani\u00e8re licite, loyale et transparente vis-\u00e0-vis de la personne concern\u00e9e, et de mani\u00e8re ad\u00e9quate, pertinente et limit\u00e9e \u00e0 ce qui est n\u00e9cessaire au regard des finalit\u00e9s pour lesquelles elles sont trait\u00e9es.<\/p>\n<p>Le RESPONSABLE garantit avoir mis en place les politiques techniques et organisationnelles appropri\u00e9es pour appliquer les mesures de s\u00e9curit\u00e9 pr\u00e9vues par le RGPD et la LOPDGDD afin de prot\u00e9ger les droits et libert\u00e9s des UTILISATEURS, et leur avoir communiqu\u00e9 les informations ad\u00e9quates pour qu&#8217;ils puissent les exercer.<\/p>\n<p>Pour plus d&#8217;informations sur les garanties de confidentialit\u00e9, vous pouvez contacter le RESPONSABLE via HIJOS DE CATALINA RODRIGUEZ CASTA\u00d1O SL. PARAJE LOS SEGUNDAS, 2, . \u2013 04898 HIJATE (Almer\u00eda). E-mail: <a href=\"mailto:rrhh@jamonestioemilio.com\">rrhh@jamonestioemilio.com<\/a><\/p>\n<h3>4. Formulaires de session<\/h3>\n<p>Lorsque vous vous connectez \u00e0 l&#8217;administrateur WordPress\/WooComerce, il est possible que votre adresse IP ainsi que des informations relatives \u00e0 votre navigateur web soient enregistr\u00e9es par les syst\u00e8mes de s\u00e9curit\u00e9 install\u00e9s sur le site web, afin de pr\u00e9venir d&#8217;\u00e9ventuelles attaques par force brute. Vous disposez de trois tentatives de connexion avant que l&#8217;adresse IP ne soit bloqu\u00e9e.<\/p>\n<p>&nbsp;<\/p>\n<p>[\/et_pb_text][\/et_pb_column][\/et_pb_row][\/et_pb_section]<\/p>\n","protected":false},"excerpt":{"rendered":"<p>1. Informations destin\u00e9es \u00e0 l&#8217;utilisateur Qui est responsable du traitement de vos donn\u00e9es personnelles ? HIJOS DE CATALINA RODRIGUEZ CASTA\u00d1O SL est RESPONSABLE du traitement des donn\u00e9es personnelles de l&#8217;UTILISATEUR et l&#8217;informe que ces donn\u00e9es seront trait\u00e9es conform\u00e9ment aux dispositions du r\u00e8glement (UE) 2016\/679 du 27 avril (RGPD) et de la loi organique 3\/2018 du [&hellip;]<\/p>\n","protected":false},"author":2,"featured_media":0,"parent":0,"menu_order":0,"comment_status":"closed","ping_status":"closed","template":"","meta":{"_et_pb_use_builder":"on","_et_pb_old_content":"","_et_gb_content_width":"","footnotes":""},"class_list":["post-334","page","type-page","status-publish","hentry"],"yoast_head":"<!-- This site is optimized with the Yoast SEO plugin v27.2 - https:\/\/yoast.com\/product\/yoast-seo-wordpress\/ -->\n<title>Politique de Confidentialit\u00e9 - Jamones Tio Emilio<\/title>\n<meta name=\"robots\" content=\"noindex, nofollow\" \/>\n<meta property=\"og:locale\" content=\"fr_FR\" \/>\n<meta property=\"og:type\" content=\"article\" \/>\n<meta property=\"og:title\" content=\"Politique de Confidentialit\u00e9 - Jamones Tio Emilio\" \/>\n<meta property=\"og:description\" content=\"1. Informations destin\u00e9es \u00e0 l&#039;utilisateur Qui est responsable du traitement de vos donn\u00e9es personnelles ? HIJOS DE CATALINA RODRIGUEZ CASTA\u00d1O SL est RESPONSABLE du traitement des donn\u00e9es personnelles de l&#039;UTILISATEUR et l&#039;informe que ces donn\u00e9es seront trait\u00e9es conform\u00e9ment aux dispositions du r\u00e8glement (UE) 2016\/679 du 27 avril (RGPD) et de la loi organique 3\/2018 du [&hellip;]\" \/>\n<meta property=\"og:url\" content=\"https:\/\/jamonestioemilio.com\/fr\/politique-de-confidentialite\/\" \/>\n<meta property=\"og:site_name\" content=\"Jamones Tio Emilio\" \/>\n<meta property=\"article:modified_time\" content=\"2025-07-31T16:38:06+00:00\" \/>\n<meta name=\"twitter:card\" content=\"summary_large_image\" \/>\n<meta name=\"twitter:label1\" content=\"Est. reading time\" \/>\n\t<meta name=\"twitter:data1\" content=\"5 minutes\" \/>\n<script type=\"application\/ld+json\" class=\"yoast-schema-graph\">{\"@context\":\"https:\/\/schema.org\",\"@graph\":[{\"@type\":\"WebPage\",\"@id\":\"https:\/\/jamonestioemilio.com\/fr\/politique-de-confidentialite\/\",\"url\":\"https:\/\/jamonestioemilio.com\/fr\/politique-de-confidentialite\/\",\"name\":\"Politique de Confidentialit\u00e9 - Jamones Tio Emilio\",\"isPartOf\":{\"@id\":\"https:\/\/jamonestioemilio.com\/#website\"},\"datePublished\":\"2022-01-03T16:29:48+00:00\",\"dateModified\":\"2025-07-31T16:38:06+00:00\",\"breadcrumb\":{\"@id\":\"https:\/\/jamonestioemilio.com\/fr\/politique-de-confidentialite\/#breadcrumb\"},\"inLanguage\":\"fr-FR\",\"potentialAction\":[{\"@type\":\"ReadAction\",\"target\":[\"https:\/\/jamonestioemilio.com\/fr\/politique-de-confidentialite\/\"]}]},{\"@type\":\"BreadcrumbList\",\"@id\":\"https:\/\/jamonestioemilio.com\/fr\/politique-de-confidentialite\/#breadcrumb\",\"itemListElement\":[{\"@type\":\"ListItem\",\"position\":1,\"name\":\"Portada\",\"item\":\"https:\/\/jamonestioemilio.com\/fr\/accueil\/\"},{\"@type\":\"ListItem\",\"position\":2,\"name\":\"Politique de Confidentialit\u00e9\"}]},{\"@type\":\"WebSite\",\"@id\":\"https:\/\/jamonestioemilio.com\/#website\",\"url\":\"https:\/\/jamonestioemilio.com\/\",\"name\":\"Jamones Tio Emilio\",\"description\":\"Jamones y Embutidos desde 1982\",\"potentialAction\":[{\"@type\":\"SearchAction\",\"target\":{\"@type\":\"EntryPoint\",\"urlTemplate\":\"https:\/\/jamonestioemilio.com\/?s={search_term_string}\"},\"query-input\":{\"@type\":\"PropertyValueSpecification\",\"valueRequired\":true,\"valueName\":\"search_term_string\"}}],\"inLanguage\":\"fr-FR\"}]}<\/script>\n<!-- \/ Yoast SEO plugin. -->","yoast_head_json":{"title":"Politique de Confidentialit\u00e9 - Jamones Tio Emilio","robots":{"index":"noindex","follow":"nofollow"},"og_locale":"fr_FR","og_type":"article","og_title":"Politique de Confidentialit\u00e9 - Jamones Tio Emilio","og_description":"1. Informations destin\u00e9es \u00e0 l'utilisateur Qui est responsable du traitement de vos donn\u00e9es personnelles ? HIJOS DE CATALINA RODRIGUEZ CASTA\u00d1O SL est RESPONSABLE du traitement des donn\u00e9es personnelles de l'UTILISATEUR et l'informe que ces donn\u00e9es seront trait\u00e9es conform\u00e9ment aux dispositions du r\u00e8glement (UE) 2016\/679 du 27 avril (RGPD) et de la loi organique 3\/2018 du [&hellip;]","og_url":"https:\/\/jamonestioemilio.com\/fr\/politique-de-confidentialite\/","og_site_name":"Jamones Tio Emilio","article_modified_time":"2025-07-31T16:38:06+00:00","twitter_card":"summary_large_image","twitter_misc":{"Est. reading time":"5 minutes"},"schema":{"@context":"https:\/\/schema.org","@graph":[{"@type":"WebPage","@id":"https:\/\/jamonestioemilio.com\/fr\/politique-de-confidentialite\/","url":"https:\/\/jamonestioemilio.com\/fr\/politique-de-confidentialite\/","name":"Politique de Confidentialit\u00e9 - Jamones Tio Emilio","isPartOf":{"@id":"https:\/\/jamonestioemilio.com\/#website"},"datePublished":"2022-01-03T16:29:48+00:00","dateModified":"2025-07-31T16:38:06+00:00","breadcrumb":{"@id":"https:\/\/jamonestioemilio.com\/fr\/politique-de-confidentialite\/#breadcrumb"},"inLanguage":"fr-FR","potentialAction":[{"@type":"ReadAction","target":["https:\/\/jamonestioemilio.com\/fr\/politique-de-confidentialite\/"]}]},{"@type":"BreadcrumbList","@id":"https:\/\/jamonestioemilio.com\/fr\/politique-de-confidentialite\/#breadcrumb","itemListElement":[{"@type":"ListItem","position":1,"name":"Portada","item":"https:\/\/jamonestioemilio.com\/fr\/accueil\/"},{"@type":"ListItem","position":2,"name":"Politique de Confidentialit\u00e9"}]},{"@type":"WebSite","@id":"https:\/\/jamonestioemilio.com\/#website","url":"https:\/\/jamonestioemilio.com\/","name":"Jamones Tio Emilio","description":"Jamones y Embutidos desde 1982","potentialAction":[{"@type":"SearchAction","target":{"@type":"EntryPoint","urlTemplate":"https:\/\/jamonestioemilio.com\/?s={search_term_string}"},"query-input":{"@type":"PropertyValueSpecification","valueRequired":true,"valueName":"search_term_string"}}],"inLanguage":"fr-FR"}]}},"_links":{"self":[{"href":"https:\/\/jamonestioemilio.com\/fr\/wp-json\/wp\/v2\/pages\/334","targetHints":{"allow":["GET"]}}],"collection":[{"href":"https:\/\/jamonestioemilio.com\/fr\/wp-json\/wp\/v2\/pages"}],"about":[{"href":"https:\/\/jamonestioemilio.com\/fr\/wp-json\/wp\/v2\/types\/page"}],"author":[{"embeddable":true,"href":"https:\/\/jamonestioemilio.com\/fr\/wp-json\/wp\/v2\/users\/2"}],"replies":[{"embeddable":true,"href":"https:\/\/jamonestioemilio.com\/fr\/wp-json\/wp\/v2\/comments?post=334"}],"version-history":[{"count":0,"href":"https:\/\/jamonestioemilio.com\/fr\/wp-json\/wp\/v2\/pages\/334\/revisions"}],"wp:attachment":[{"href":"https:\/\/jamonestioemilio.com\/fr\/wp-json\/wp\/v2\/media?parent=334"}],"curies":[{"name":"wp","href":"https:\/\/api.w.org\/{rel}","templated":true}]}}