{"id":318,"date":"2022-01-03T15:58:15","date_gmt":"2022-01-03T15:58:15","guid":{"rendered":"https:\/\/jamonestioemilio.com\/contact\/"},"modified":"2024-12-15T22:21:49","modified_gmt":"2024-12-15T21:21:49","slug":"contact","status":"publish","type":"page","link":"https:\/\/jamonestioemilio.com\/fr\/contact\/","title":{"rendered":"Contact"},"content":{"rendered":"<p>[et_pb_section fb_built=&#8221;1&#8243; next_background_color=&#8221;#ffffff&#8221; _builder_version=&#8221;4.27.2&#8243; _module_preset=&#8221;default&#8221; use_background_color_gradient=&#8221;on&#8221; background_color_gradient_type=&#8221;circular&#8221; background_color_gradient_stops=&#8221;rgba(31,28,13,0.58) 22%|rgba(31,28,13,0.58) 54%&#8221; background_color_gradient_overlays_image=&#8221;on&#8221; background_color_gradient_start=&#8221;rgba(31,28,13,0.58)&#8221; background_color_gradient_start_position=&#8221;22%&#8221; background_color_gradient_end=&#8221;rgba(31,28,13,0.58)&#8221; background_color_gradient_end_position=&#8221;54%&#8221; background_image=&#8221;https:\/\/jamonestioemilio.com\/wp-content\/uploads\/2021\/10\/woman-using-smartphone.jpg&#8221; custom_padding=&#8221;350px||55px||false|false&#8221; bottom_divider_style=&#8221;arrow2&#8243; global_colors_info=&#8221;{}&#8221;][et_pb_row _builder_version=&#8221;4.16&#8243; _module_preset=&#8221;default&#8221; custom_margin=&#8221;-101px|auto||auto||&#8221; global_colors_info=&#8221;{}&#8221;][et_pb_column type=&#8221;4_4&#8243; _builder_version=&#8221;4.16&#8243; _module_preset=&#8221;default&#8221; global_colors_info=&#8221;{}&#8221;][et_pb_image src=&#8221;https:\/\/jamonestioemilio.com\/wp-content\/uploads\/2022\/01\/logo-tio-emilio.png&#8221; title_text=&#8221;logo-tio-emilio&#8221; url=&#8221;https:\/\/jamonestioemilio.com\/fr\/&#8221; align=&#8221;center&#8221; _builder_version=&#8221;4.16&#8243; _module_preset=&#8221;default&#8221; width=&#8221;100%&#8221; max_width=&#8221;100%&#8221; module_alignment=&#8221;center&#8221; min_height=&#8221;100px&#8221; height=&#8221;248px&#8221; max_height=&#8221;1000px&#8221; custom_margin=&#8221;-165px||||false|false&#8221; custom_margin_tablet=&#8221;&#8221; custom_margin_phone=&#8221;-130px||||false|false&#8221; custom_margin_last_edited=&#8221;on|phone&#8221; custom_padding=&#8221;||0px|||&#8221; global_colors_info=&#8221;{}&#8221;][\/et_pb_image][\/et_pb_column][\/et_pb_row][et_pb_row _builder_version=&#8221;4.16&#8243; _module_preset=&#8221;default&#8221; custom_margin=&#8221;-63px|auto||auto||&#8221; global_colors_info=&#8221;{}&#8221;][et_pb_column type=&#8221;4_4&#8243; _builder_version=&#8221;4.16&#8243; _module_preset=&#8221;default&#8221; global_colors_info=&#8221;{}&#8221;][et_pb_text _builder_version=&#8221;4.16&#8243; _module_preset=&#8221;default&#8221; text_font=&#8221;Tenor Sans||||||||&#8221; text_text_color=&#8221;#FFFFFF&#8221; text_font_size=&#8221;44px&#8221; text_font_size_tablet=&#8221;&#8221; text_font_size_phone=&#8221;30px&#8221; text_font_size_last_edited=&#8221;on|phone&#8221; text_line_height_tablet=&#8221;1.8em&#8221; text_line_height_phone=&#8221;1.6em&#8221; text_line_height_last_edited=&#8221;on|tablet&#8221; global_colors_info=&#8221;{}&#8221;]<\/p>\n<p style=\"text-align: center;\">CONTACTEZ-NOUS<\/p>\n<p>[\/et_pb_text][\/et_pb_column][\/et_pb_row][\/et_pb_section][et_pb_section fb_built=&#8221;1&#8243; _builder_version=&#8221;4.16&#8243; _module_preset=&#8221;default&#8221; custom_padding=&#8221;20px||2px|||&#8221; global_colors_info=&#8221;{}&#8221;][et_pb_row column_structure=&#8221;1_3,1_3,1_3&#8243; _builder_version=&#8221;4.16&#8243; _module_preset=&#8221;default&#8221; global_colors_info=&#8221;{}&#8221;][et_pb_column type=&#8221;1_3&#8243; _builder_version=&#8221;4.16&#8243; _module_preset=&#8221;default&#8221; global_colors_info=&#8221;{}&#8221;][et_pb_image src=&#8221;https:\/\/jamonestioemilio.com\/wp-content\/uploads\/2021\/10\/2-1.png&#8221; title_text=&#8221;2&#8243; _builder_version=&#8221;4.16&#8243; _module_preset=&#8221;default&#8221; width=&#8221;30%&#8221; module_alignment=&#8221;center&#8221; global_colors_info=&#8221;{}&#8221;][\/et_pb_image][et_pb_text _builder_version=&#8221;4.16&#8243; _module_preset=&#8221;default&#8221; text_font_size=&#8221;18px&#8221; global_colors_info=&#8221;{}&#8221;]<\/p>\n<div class=\"et_pb_main_blurb_image\" style=\"text-align: left;\"><\/div>\n<div class=\"et_pb_blurb_container\">\n<div class=\"et_pb_blurb_description\">\n<p style=\"text-align: center;\"><a href=\"tel:950428866\">950 428 866<\/a><\/p>\n<p style=\"text-align: center;\">Du lundi au vendredi<\/p>\n<p style=\"text-align: center;\">de 9:00 \u00e0 14:00 et<\/p>\n<p style=\"text-align: center;\">de 16:00 \u00e0 19:00<\/p>\n<\/div>\n<\/div>\n<p>[\/et_pb_text][\/et_pb_column][et_pb_column type=&#8221;1_3&#8243; _builder_version=&#8221;4.16&#8243; _module_preset=&#8221;default&#8221; global_colors_info=&#8221;{}&#8221;][et_pb_image src=&#8221;https:\/\/jamonestioemilio.com\/wp-content\/uploads\/2021\/10\/1-1.png&#8221; title_text=&#8221;1&#8243; _builder_version=&#8221;4.16&#8243; _module_preset=&#8221;default&#8221; width=&#8221;30%&#8221; module_alignment=&#8221;center&#8221; global_colors_info=&#8221;{}&#8221;][\/et_pb_image][et_pb_text _builder_version=&#8221;4.16&#8243; _module_preset=&#8221;default&#8221; text_font_size=&#8221;18px&#8221; global_colors_info=&#8221;{}&#8221;]<\/p>\n<div class=\"et_pb_main_blurb_image\" style=\"text-align: left;\"><\/div>\n<div class=\"et_pb_blurb_container\">\n<div class=\"et_pb_blurb_description\">\n<p style=\"text-align: center;\"><a href=\"mailto:ventas@jamonestioemilio.com\">ventas@jamonestioemilio.com<\/a><\/p>\n<\/div>\n<\/div>\n<p>[\/et_pb_text][\/et_pb_column][et_pb_column type=&#8221;1_3&#8243; _builder_version=&#8221;4.16&#8243; _module_preset=&#8221;default&#8221; global_colors_info=&#8221;{}&#8221;][et_pb_image src=&#8221;https:\/\/jamonestioemilio.com\/wp-content\/uploads\/2021\/10\/3-1.png&#8221; title_text=&#8221;3&#8243; _builder_version=&#8221;4.16&#8243; _module_preset=&#8221;default&#8221; width=&#8221;30%&#8221; module_alignment=&#8221;center&#8221; global_colors_info=&#8221;{}&#8221;][\/et_pb_image][et_pb_text _builder_version=&#8221;4.16&#8243; _module_preset=&#8221;default&#8221; text_font_size=&#8221;17px&#8221; global_colors_info=&#8221;{}&#8221;]<\/p>\n<div class=\"et_pb_main_blurb_image\" style=\"text-align: left;\"><\/div>\n<div class=\"et_pb_blurb_container\">\n<div class=\"et_pb_blurb_description\">\n<p style=\"text-align: center;\">Paraje de los Segundas, n\u00ba 2<\/p>\n<p style=\"text-align: center;\">04898<\/p>\n<p style=\"text-align: center;\">Hijate (Almer\u00eda)<\/p>\n<\/div>\n<\/div>\n<p>[\/et_pb_text][\/et_pb_column][\/et_pb_row][et_pb_row _builder_version=&#8221;4.16&#8243; _module_preset=&#8221;default&#8221; global_colors_info=&#8221;{}&#8221;][et_pb_column type=&#8221;4_4&#8243; _builder_version=&#8221;4.16&#8243; _module_preset=&#8221;default&#8221; global_colors_info=&#8221;{}&#8221;][et_pb_text _builder_version=&#8221;4.16&#8243; _module_preset=&#8221;default&#8221; text_font_size=&#8221;20px&#8221; text_line_height=&#8221;0.6em&#8221; text_line_height_tablet=&#8221;&#8221; text_line_height_phone=&#8221;1.5em&#8221; text_line_height_last_edited=&#8221;on|tablet&#8221; locked=&#8221;off&#8221; global_colors_info=&#8221;{}&#8221;]<\/p>\n<p style=\"text-align: center;\"><b>Vous souhaitez faire partie de notre \u00e9quipe? <\/b><\/p>\n<p style=\"text-align: center;\">Envoyez-nous votre CV \u00e0 <a href=\"mailto:rrhh@jamonestioemilio.com\">rrhh@jamonestioemilio.com<\/a><\/p>\n<p>[\/et_pb_text][\/et_pb_column][\/et_pb_row][\/et_pb_section][et_pb_section fb_built=&#8221;1&#8243; _builder_version=&#8221;4.16&#8243; _module_preset=&#8221;default&#8221; custom_padding=&#8221;13px|||||&#8221; global_colors_info=&#8221;{}&#8221;][et_pb_row _builder_version=&#8221;4.16&#8243; _module_preset=&#8221;default&#8221; global_colors_info=&#8221;{}&#8221;][et_pb_column type=&#8221;4_4&#8243; _builder_version=&#8221;4.16&#8243; _module_preset=&#8221;default&#8221; global_colors_info=&#8221;{}&#8221;][et_pb_contact_form email=&#8221;ventas@jamonestioemilio.com&#8221; title=&#8221;Si vous le pr\u00e9f\u00e9rez, vous pouvez nous envoyer un message.&#8221; custom_message=&#8221;&lt;p&gt;DATOS DE LA CONSULTA:&lt;\/p&gt;||et_pb_line_break_holder||||et_pb_line_break_holder||&lt;p&gt;||et_pb_line_break_holder||Nombre: %%Name%% &lt;br&gt;||et_pb_line_break_holder||E-Mail: %%Email%% &lt;br&gt;||et_pb_line_break_holder||Tel\u00e9fono: %%Telefono%%||et_pb_line_break_holder||&lt;\/p&gt;||et_pb_line_break_holder||||et_pb_line_break_holder||&lt;p&gt;||et_pb_line_break_holder||Motivo de la consulta: %%Elegir%%||et_pb_line_break_holder||&lt;\/p&gt;||et_pb_line_break_holder||||et_pb_line_break_holder||&lt;p&gt;||et_pb_line_break_holder||Mensaje: %%Message%%||et_pb_line_break_holder||&lt;\/p&gt;&#8221; success_message=&#8221;Merci beaucoup d&#039;avoir contact\u00e9 Jamones T\u00edo Emilio, nous vous contacterons d\u00e8s que possible.&#8221; _builder_version=&#8221;4.27.0&#8243; _module_preset=&#8221;default&#8221; _unique_id=&#8221;5eccae64-2008-4426-b21d-05833497f86c&#8221; hover_enabled=&#8221;0&#8243; global_colors_info=&#8221;{}&#8221; sticky_enabled=&#8221;0&#8243;][et_pb_contact_field field_id=&#8221;Name&#8221; field_title=&#8221;Nom&#8221; _builder_version=&#8221;4.27.0&#8243; global_colors_info=&#8221;{}&#8221; button_text_size__hover_enabled=&#8221;off&#8221; button_one_text_size__hover_enabled=&#8221;off&#8221; button_two_text_size__hover_enabled=&#8221;off&#8221; button_text_color__hover_enabled=&#8221;off&#8221; button_one_text_color__hover_enabled=&#8221;off&#8221; button_two_text_color__hover_enabled=&#8221;off&#8221; button_border_width__hover_enabled=&#8221;off&#8221; button_one_border_width__hover_enabled=&#8221;off&#8221; button_two_border_width__hover_enabled=&#8221;off&#8221; button_border_color__hover_enabled=&#8221;off&#8221; button_one_border_color__hover_enabled=&#8221;off&#8221; button_two_border_color__hover_enabled=&#8221;off&#8221; button_border_radius__hover_enabled=&#8221;off&#8221; button_one_border_radius__hover_enabled=&#8221;off&#8221; button_two_border_radius__hover_enabled=&#8221;off&#8221; button_letter_spacing__hover_enabled=&#8221;off&#8221; button_one_letter_spacing__hover_enabled=&#8221;off&#8221; button_two_letter_spacing__hover_enabled=&#8221;off&#8221; button_bg_color__hover_enabled=&#8221;off&#8221; button_one_bg_color__hover_enabled=&#8221;off&#8221; button_two_bg_color__hover_enabled=&#8221;off&#8221;][\/et_pb_contact_field][et_pb_contact_field field_id=&#8221;Email&#8221; field_title=&#8221;Adresse e-mail&#8221; field_type=&#8221;email&#8221; _builder_version=&#8221;4.27.0&#8243; global_colors_info=&#8221;{}&#8221; button_text_size__hover_enabled=&#8221;off&#8221; button_one_text_size__hover_enabled=&#8221;off&#8221; button_two_text_size__hover_enabled=&#8221;off&#8221; button_text_color__hover_enabled=&#8221;off&#8221; button_one_text_color__hover_enabled=&#8221;off&#8221; button_two_text_color__hover_enabled=&#8221;off&#8221; button_border_width__hover_enabled=&#8221;off&#8221; button_one_border_width__hover_enabled=&#8221;off&#8221; button_two_border_width__hover_enabled=&#8221;off&#8221; button_border_color__hover_enabled=&#8221;off&#8221; button_one_border_color__hover_enabled=&#8221;off&#8221; button_two_border_color__hover_enabled=&#8221;off&#8221; button_border_radius__hover_enabled=&#8221;off&#8221; button_one_border_radius__hover_enabled=&#8221;off&#8221; button_two_border_radius__hover_enabled=&#8221;off&#8221; button_letter_spacing__hover_enabled=&#8221;off&#8221; button_one_letter_spacing__hover_enabled=&#8221;off&#8221; button_two_letter_spacing__hover_enabled=&#8221;off&#8221; button_bg_color__hover_enabled=&#8221;off&#8221; button_one_bg_color__hover_enabled=&#8221;off&#8221; button_two_bg_color__hover_enabled=&#8221;off&#8221;][\/et_pb_contact_field][et_pb_contact_field field_id=&#8221;Telefono&#8221; field_title=&#8221;T\u00e9l\u00e9phone&#8221; required_mark=&#8221;off&#8221; fullwidth_field=&#8221;on&#8221; _builder_version=&#8221;4.27.0&#8243; _module_preset=&#8221;default&#8221; global_colors_info=&#8221;{}&#8221;][\/et_pb_contact_field][et_pb_contact_field field_id=&#8221;Elegir&#8221; field_title=&#8221;Objet de votre message&#8221; field_type=&#8221;select&#8221; select_options=&#8221;%91{%22value%22:%22Enqu\u00eate g\u00e9n\u00e9rale%22,%22checked%22:0,%22dragID%22:-1},{%22value%22:%22Demander un devis%22,%22checked%22:0,%22dragID%22:0},{%22value%22:%22Tarifs pour les professionnels%22,%22checked%22:0,%22dragID%22:1},{%22value%22:%22Facturation%22,%22checked%22:0,%22dragID%22:2},{%22value%22:%22Ressources humaines%22,%22checked%22:0,%22dragID%22:3},{%22value%22:%22Ordres%22,%22checked%22:0,%22dragID%22:4}%93&#8243; fullwidth_field=&#8221;on&#8221; _builder_version=&#8221;4.27.0&#8243; _module_preset=&#8221;default&#8221; global_colors_info=&#8221;{}&#8221;][\/et_pb_contact_field][et_pb_contact_field field_id=&#8221;Message&#8221; field_title=&#8221;Message&#8221; field_type=&#8221;text&#8221; fullwidth_field=&#8221;on&#8221; _builder_version=&#8221;4.27.0&#8243; global_colors_info=&#8221;{}&#8221; button_text_size__hover_enabled=&#8221;off&#8221; button_one_text_size__hover_enabled=&#8221;off&#8221; button_two_text_size__hover_enabled=&#8221;off&#8221; button_text_color__hover_enabled=&#8221;off&#8221; button_one_text_color__hover_enabled=&#8221;off&#8221; button_two_text_color__hover_enabled=&#8221;off&#8221; button_border_width__hover_enabled=&#8221;off&#8221; button_one_border_width__hover_enabled=&#8221;off&#8221; button_two_border_width__hover_enabled=&#8221;off&#8221; button_border_color__hover_enabled=&#8221;off&#8221; button_one_border_color__hover_enabled=&#8221;off&#8221; button_two_border_color__hover_enabled=&#8221;off&#8221; button_border_radius__hover_enabled=&#8221;off&#8221; button_one_border_radius__hover_enabled=&#8221;off&#8221; button_two_border_radius__hover_enabled=&#8221;off&#8221; button_letter_spacing__hover_enabled=&#8221;off&#8221; button_one_letter_spacing__hover_enabled=&#8221;off&#8221; button_two_letter_spacing__hover_enabled=&#8221;off&#8221; button_bg_color__hover_enabled=&#8221;off&#8221; button_one_bg_color__hover_enabled=&#8221;off&#8221; button_two_bg_color__hover_enabled=&#8221;off&#8221;][\/et_pb_contact_field][et_pb_contact_field field_id=&#8221;Privacidad&#8221; field_title=&#8221;Consentimiento de privacidad&#8221; field_type=&#8221;checkbox&#8221; checkbox_options=&#8221;%91{%22value%22:%22J\u2019ai lu et j\u2019accepte la politique de confidentialit\u00e9%22,%22checked%22:0,%22dragID%22:-1,%22link_url%22:%22https:\\\/\\\/jamonestioemilio.com\\\/index.php\\\/privacy-policy\\\/%22}%93&#8243; fullwidth_field=&#8221;on&#8221; _builder_version=&#8221;4.27.0&#8243; _module_preset=&#8221;default&#8221; link_option_url=&#8221;https:\/\/jamonestioemilio.com\/index.php\/privacy-policy\/&#8221; global_colors_info=&#8221;{}&#8221;][\/et_pb_contact_field][\/et_pb_contact_form][\/et_pb_column][\/et_pb_row][\/et_pb_section][et_pb_section fb_built=&#8221;1&#8243; prev_background_color=&#8221;#ffffff&#8221; _builder_version=&#8221;4.16&#8243; _module_preset=&#8221;default&#8221; background_color=&#8221;#1F1C0D&#8221; custom_padding=&#8221;||8px|||&#8221; top_divider_style=&#8221;asymmetric4&#8243; top_divider_height=&#8221;46px&#8221; top_divider_repeat=&#8221;1x&#8221; global_colors_info=&#8221;{}&#8221;][et_pb_row column_structure=&#8221;1_3,1_3,1_3&#8243; _builder_version=&#8221;4.16&#8243; _module_preset=&#8221;default&#8221; custom_padding=&#8221;62px||5px|||&#8221; global_colors_info=&#8221;{}&#8221;][et_pb_column type=&#8221;1_3&#8243; _builder_version=&#8221;4.16&#8243; _module_preset=&#8221;default&#8221; global_colors_info=&#8221;{}&#8221;][et_pb_image src=&#8221;https:\/\/jamonestioemilio.com\/wp-content\/uploads\/2022\/01\/logo-tio-emilio.png&#8221; title_text=&#8221;logo-tio-emilio&#8221; _builder_version=&#8221;4.16&#8243; _module_preset=&#8221;default&#8221; width=&#8221;61%&#8221; module_alignment=&#8221;right&#8221; custom_margin=&#8221;-27px||||false|false&#8221; custom_padding=&#8221;0px|||||&#8221; module_alignment_tablet=&#8221;center&#8221; module_alignment_phone=&#8221;center&#8221; module_alignment_last_edited=&#8221;on|tablet&#8221; global_colors_info=&#8221;{}&#8221;][\/et_pb_image][\/et_pb_column][et_pb_column type=&#8221;1_3&#8243; _builder_version=&#8221;4.16&#8243; _module_preset=&#8221;default&#8221; global_colors_info=&#8221;{}&#8221;][et_pb_text _builder_version=&#8221;4.16&#8243; _module_preset=&#8221;default&#8221; text_text_color=&#8221;#FFFFFF&#8221; header_4_text_color=&#8221;#C39C13&#8243; global_colors_info=&#8221;{}&#8221;]<\/p>\n<h4 class=\"title\">Jamones T\u00edo Emilio<\/h4>\n<div class=\"textwidget\">\n<p>Paraje de los Segundas, n\u00ba 2<\/p>\n<p>04898 Hijate (Almer\u00eda)<\/p>\n<p><a href=\"http:\/\/tel:950428866\/\">950 428 866<\/a><\/p>\n<p><a href=\"mailto:ventas@jamonestioemilio.com\">ventas@jamonestioemilio.com<\/a><\/p>\n<\/div>\n<p>[\/et_pb_text][\/et_pb_column][et_pb_column type=&#8221;1_3&#8243; _builder_version=&#8221;4.16&#8243; _module_preset=&#8221;default&#8221; global_colors_info=&#8221;{}&#8221;][et_pb_text _builder_version=&#8221;4.16&#8243; _module_preset=&#8221;default&#8221; text_text_color=&#8221;#FFFFFF&#8221; header_4_text_color=&#8221;#C39C13&#8243; global_colors_info=&#8221;{}&#8221;]<\/p>\n<h4 class=\"title\">Attention au client<\/h4>\n<div class=\"textwidget\">\n<p>Du lundi au vendredi <\/p>\n<p>de 9:00 \u00e0 14:00 et <\/p>\n<p>de 16:00 \u00e0 19:00<\/p>\n<\/div>\n<p>[\/et_pb_text][\/et_pb_column][\/et_pb_row][et_pb_row column_structure=&#8221;1_4,3_4&#8243; _builder_version=&#8221;4.16&#8243; _module_preset=&#8221;default&#8221; global_colors_info=&#8221;{}&#8221;][et_pb_column type=&#8221;1_4&#8243; _builder_version=&#8221;4.16&#8243; _module_preset=&#8221;default&#8221; global_colors_info=&#8221;{}&#8221;][et_pb_image src=&#8221;https:\/\/jamonestioemilio.com\/wp-content\/uploads\/2022\/01\/logo-union-europea.jpg&#8221; title_text=&#8221;logo-union-europea&#8221; _builder_version=&#8221;4.16&#8243; _module_preset=&#8221;default&#8221; width=&#8221;34%&#8221; module_alignment=&#8221;right&#8221; module_alignment_tablet=&#8221;center&#8221; module_alignment_phone=&#8221;center&#8221; module_alignment_last_edited=&#8221;on|tablet&#8221; global_colors_info=&#8221;{}&#8221;][\/et_pb_image][\/et_pb_column][et_pb_column type=&#8221;3_4&#8243; _builder_version=&#8221;4.16&#8243; _module_preset=&#8221;default&#8221; global_colors_info=&#8221;{}&#8221;][et_pb_text _builder_version=&#8221;4.16&#8243; _module_preset=&#8221;default&#8221; text_text_color=&#8221;#FFFFFF&#8221; text_font_size=&#8221;11px&#8221; global_colors_info=&#8221;{}&#8221;]<\/p>\n<p style=\"text-align: left;\"><em>Hijos de Catalina Rodr\u00edguez Casta\u00f1o, S.L. a \u00e9t\u00e9 b\u00e9n\u00e9ficiaire du Fonds europ\u00e9en de d\u00e9veloppement r\u00e9gional dont l\u2019objectif est d\u2019am\u00e9liorer la comp\u00e9titivit\u00e9 des PME et gr\u00e2ce auquel elle a lanc\u00e9 un plan international de marketing num\u00e9rique dans le but d\u2019am\u00e9liorer son positionnement en ligne sur les march\u00e9s \u00e9trangers au cours de l\u2019ann\u00e9e 2021. \u00c0 cette fin, elle a b\u00e9n\u00e9fici\u00e9 du soutien du programme XPANDE DIGITAL de la Chambre de commerce d\u2019Almeria. <\/em><\/p>\n<p>[\/et_pb_text][\/et_pb_column][\/et_pb_row][\/et_pb_section]<\/p>\n","protected":false},"excerpt":{"rendered":"<p>CONTACTEZ-NOUS 950 428 866 Du lundi au vendredi de 9:00 \u00e0 14:00 et de 16:00 \u00e0 19:00 ventas@jamonestioemilio.com Paraje de los Segundas, n\u00ba 2 04898 Hijate (Almer\u00eda) Vous souhaitez faire partie de notre \u00e9quipe? Envoyez-nous votre CV \u00e0 rrhh@jamonestioemilio.comJamones T\u00edo Emilio Paraje de los Segundas, n\u00ba 2 04898 Hijate (Almer\u00eda) 950 428 866 ventas@jamonestioemilio.com Attention [&hellip;]<\/p>\n","protected":false},"author":2,"featured_media":0,"parent":0,"menu_order":0,"comment_status":"closed","ping_status":"closed","template":"","meta":{"_et_pb_use_builder":"on","_et_pb_old_content":"","_et_gb_content_width":"","footnotes":""},"class_list":["post-318","page","type-page","status-publish","hentry"],"yoast_head":"<!-- This site is optimized with the Yoast SEO plugin v27.2 - https:\/\/yoast.com\/product\/yoast-seo-wordpress\/ -->\n<title>Contact - Jamones Tio Emilio<\/title>\n<meta name=\"description\" content=\"Contacta con jamones y embutidos Tio Emilio, elaborados de manera artesanal y con productos de calidad. Dur\u00e9e, tradition et nature.\" \/>\n<meta name=\"robots\" content=\"index, follow, max-snippet:-1, max-image-preview:large, max-video-preview:-1\" \/>\n<link rel=\"canonical\" href=\"https:\/\/jamonestioemilio.com\/contacto\/\" \/>\n<meta property=\"og:locale\" content=\"fr_FR\" \/>\n<meta property=\"og:type\" content=\"article\" \/>\n<meta property=\"og:title\" content=\"Contact - Jamones Tio Emilio\" \/>\n<meta property=\"og:description\" content=\"Contacta con jamones y embutidos Tio Emilio, elaborados de manera artesanal y con productos de calidad. Dur\u00e9e, tradition et nature.\" \/>\n<meta property=\"og:url\" content=\"https:\/\/jamonestioemilio.com\/contacto\/\" \/>\n<meta property=\"og:site_name\" content=\"Jamones Tio Emilio\" \/>\n<meta property=\"article:modified_time\" content=\"2024-12-15T21:21:49+00:00\" \/>\n<meta name=\"twitter:card\" content=\"summary_large_image\" \/>\n<meta name=\"twitter:label1\" content=\"Est. reading time\" \/>\n\t<meta name=\"twitter:data1\" content=\"10 minutes\" \/>\n<script type=\"application\/ld+json\" class=\"yoast-schema-graph\">{\"@context\":\"https:\/\/schema.org\",\"@graph\":[{\"@type\":\"WebPage\",\"@id\":\"https:\/\/jamonestioemilio.com\/contacto\/\",\"url\":\"https:\/\/jamonestioemilio.com\/contacto\/\",\"name\":\"Contact - Jamones Tio Emilio\",\"isPartOf\":{\"@id\":\"https:\/\/jamonestioemilio.com\/#website\"},\"datePublished\":\"2022-01-03T15:58:15+00:00\",\"dateModified\":\"2024-12-15T21:21:49+00:00\",\"description\":\"Contacta con jamones y embutidos Tio Emilio, elaborados de manera artesanal y con productos de calidad. Dur\u00e9e, tradition et nature.\",\"breadcrumb\":{\"@id\":\"https:\/\/jamonestioemilio.com\/contacto\/#breadcrumb\"},\"inLanguage\":\"fr-FR\",\"potentialAction\":[{\"@type\":\"ReadAction\",\"target\":[\"https:\/\/jamonestioemilio.com\/contacto\/\"]}]},{\"@type\":\"BreadcrumbList\",\"@id\":\"https:\/\/jamonestioemilio.com\/contacto\/#breadcrumb\",\"itemListElement\":[{\"@type\":\"ListItem\",\"position\":1,\"name\":\"Portada\",\"item\":\"https:\/\/jamonestioemilio.com\/fr\/accueil\/\"},{\"@type\":\"ListItem\",\"position\":2,\"name\":\"Contact\"}]},{\"@type\":\"WebSite\",\"@id\":\"https:\/\/jamonestioemilio.com\/#website\",\"url\":\"https:\/\/jamonestioemilio.com\/\",\"name\":\"Jamones Tio Emilio\",\"description\":\"Jamones y Embutidos desde 1982\",\"potentialAction\":[{\"@type\":\"SearchAction\",\"target\":{\"@type\":\"EntryPoint\",\"urlTemplate\":\"https:\/\/jamonestioemilio.com\/?s={search_term_string}\"},\"query-input\":{\"@type\":\"PropertyValueSpecification\",\"valueRequired\":true,\"valueName\":\"search_term_string\"}}],\"inLanguage\":\"fr-FR\"}]}<\/script>\n<!-- \/ Yoast SEO plugin. -->","yoast_head_json":{"title":"Contact - Jamones Tio Emilio","description":"Contacta con jamones y embutidos Tio Emilio, elaborados de manera artesanal y con productos de calidad. Dur\u00e9e, tradition et nature.","robots":{"index":"index","follow":"follow","max-snippet":"max-snippet:-1","max-image-preview":"max-image-preview:large","max-video-preview":"max-video-preview:-1"},"canonical":"https:\/\/jamonestioemilio.com\/contacto\/","og_locale":"fr_FR","og_type":"article","og_title":"Contact - Jamones Tio Emilio","og_description":"Contacta con jamones y embutidos Tio Emilio, elaborados de manera artesanal y con productos de calidad. Dur\u00e9e, tradition et nature.","og_url":"https:\/\/jamonestioemilio.com\/contacto\/","og_site_name":"Jamones Tio Emilio","article_modified_time":"2024-12-15T21:21:49+00:00","twitter_card":"summary_large_image","twitter_misc":{"Est. reading time":"10 minutes"},"schema":{"@context":"https:\/\/schema.org","@graph":[{"@type":"WebPage","@id":"https:\/\/jamonestioemilio.com\/contacto\/","url":"https:\/\/jamonestioemilio.com\/contacto\/","name":"Contact - Jamones Tio Emilio","isPartOf":{"@id":"https:\/\/jamonestioemilio.com\/#website"},"datePublished":"2022-01-03T15:58:15+00:00","dateModified":"2024-12-15T21:21:49+00:00","description":"Contacta con jamones y embutidos Tio Emilio, elaborados de manera artesanal y con productos de calidad. Dur\u00e9e, tradition et nature.","breadcrumb":{"@id":"https:\/\/jamonestioemilio.com\/contacto\/#breadcrumb"},"inLanguage":"fr-FR","potentialAction":[{"@type":"ReadAction","target":["https:\/\/jamonestioemilio.com\/contacto\/"]}]},{"@type":"BreadcrumbList","@id":"https:\/\/jamonestioemilio.com\/contacto\/#breadcrumb","itemListElement":[{"@type":"ListItem","position":1,"name":"Portada","item":"https:\/\/jamonestioemilio.com\/fr\/accueil\/"},{"@type":"ListItem","position":2,"name":"Contact"}]},{"@type":"WebSite","@id":"https:\/\/jamonestioemilio.com\/#website","url":"https:\/\/jamonestioemilio.com\/","name":"Jamones Tio Emilio","description":"Jamones y Embutidos desde 1982","potentialAction":[{"@type":"SearchAction","target":{"@type":"EntryPoint","urlTemplate":"https:\/\/jamonestioemilio.com\/?s={search_term_string}"},"query-input":{"@type":"PropertyValueSpecification","valueRequired":true,"valueName":"search_term_string"}}],"inLanguage":"fr-FR"}]}},"_links":{"self":[{"href":"https:\/\/jamonestioemilio.com\/fr\/wp-json\/wp\/v2\/pages\/318","targetHints":{"allow":["GET"]}}],"collection":[{"href":"https:\/\/jamonestioemilio.com\/fr\/wp-json\/wp\/v2\/pages"}],"about":[{"href":"https:\/\/jamonestioemilio.com\/fr\/wp-json\/wp\/v2\/types\/page"}],"author":[{"embeddable":true,"href":"https:\/\/jamonestioemilio.com\/fr\/wp-json\/wp\/v2\/users\/2"}],"replies":[{"embeddable":true,"href":"https:\/\/jamonestioemilio.com\/fr\/wp-json\/wp\/v2\/comments?post=318"}],"version-history":[{"count":0,"href":"https:\/\/jamonestioemilio.com\/fr\/wp-json\/wp\/v2\/pages\/318\/revisions"}],"wp:attachment":[{"href":"https:\/\/jamonestioemilio.com\/fr\/wp-json\/wp\/v2\/media?parent=318"}],"curies":[{"name":"wp","href":"https:\/\/api.w.org\/{rel}","templated":true}]}}